{"id":12,"date":"2024-01-30T17:49:34","date_gmt":"2024-01-30T17:49:34","guid":{"rendered":"http:\/\/sawosko.pl\/?page_id=12"},"modified":"2025-12-27T01:10:02","modified_gmt":"2025-12-27T01:10:02","slug":"martyna-sawosko-portfolio","status":"publish","type":"page","link":"https:\/\/sawosko.pl\/","title":{"rendered":"Home"},"content":{"rendered":"<!--themify_builder_content-->\n<div id=\"themify_builder_content-12\" data-postid=\"12\" class=\"themify_builder_content themify_builder_content-12 themify_builder tf_clear\">\n    \t\t\t\t<!-- module_row -->\n\t\t<div  data-css_id=\"yi3k829\" data-lazy=\"1\" class=\"module_row themify_builder_row fullwidth tb_yi3k829 tb_first tf_w tf_clearfix\">\n\t\t\t\t\t<div class=\"row_inner col_align_top tb_col_count_1 tf_box tf_rel\">\n\t\t\t\t\t<div  data-lazy=\"1\" class=\"module_column tb-column col-full tb_sox4829 first\">\n\t\t\t\t\t\t\t\t\t<div class=\"tb-column-inner tf_box tf_w\">\n\t\t\t\t<!-- module gallery -->\n<div  class=\"module gallery module-gallery tb_w79o312 layout-grid rounded \" data-lazy=\"1\">\n    <div class=\"module-gallery-grid gallery-columns-3 gallery-m-columns-1 gallery-masonry tf_clear\">\n\t\t\t<dl class=\"gallery-item\">\n\t\t\t<dt class=\"gallery-icon\">\n\t\t\t<a data-title=\"\" title=\"\" href=\"https:\/\/sawosko.pl\/wp-content\/uploads\/2024\/03\/mimo-wszystko-obraz-scaled.webp\" data-rel=\"tb_w79o312\" class=\"themify_lightbox\"><img loading=\"lazy\" decoding=\"async\" width=\"2560\" height=\"1779\" src=\"https:\/\/sawosko.pl\/wp-content\/uploads\/2024\/03\/mimo-wszystko-obraz-scaled.webp\" class=\"wp-post-image wp-image-85\" title=\"mimo wszystko obraz\" alt=\"mimo wszystko obraz\" srcset=\"https:\/\/sawosko.pl\/wp-content\/uploads\/2024\/03\/mimo-wszystko-obraz-scaled.webp 2560w, https:\/\/sawosko.pl\/wp-content\/uploads\/2024\/03\/mimo-wszystko-obraz-300x208.webp 300w, https:\/\/sawosko.pl\/wp-content\/uploads\/2024\/03\/mimo-wszystko-obraz-1024x711.webp 1024w, https:\/\/sawosko.pl\/wp-content\/uploads\/2024\/03\/mimo-wszystko-obraz-768x534.webp 768w, https:\/\/sawosko.pl\/wp-content\/uploads\/2024\/03\/mimo-wszystko-obraz-1536x1067.webp 1536w, https:\/\/sawosko.pl\/wp-content\/uploads\/2024\/03\/mimo-wszystko-obraz-2048x1423.webp 2048w, https:\/\/sawosko.pl\/wp-content\/uploads\/2024\/03\/mimo-wszystko-obraz-1024x711-288x200.webp 288w\" sizes=\"auto, (max-width: 2560px) 100vw, 2560px\" \/><\/a>\t\t\t<\/dt>\n\t\t\t<dd>\n\t\t\t\t\t\t\t\t\t\t\t<\/dd>\n\t\t<\/dl>\n\t\t\t<dl class=\"gallery-item\">\n\t\t\t<dt class=\"gallery-icon\">\n\t\t\t<a data-title=\"\" title=\"\" href=\"https:\/\/sawosko.pl\/wp-content\/uploads\/2024\/01\/header-tumblr.jpg\" data-rel=\"tb_w79o312\" class=\"themify_lightbox\"><img loading=\"lazy\" decoding=\"async\" width=\"931\" height=\"931\" src=\"https:\/\/sawosko.pl\/wp-content\/uploads\/2024\/01\/header-tumblr.jpg\" class=\"wp-post-image wp-image-28\" title=\"glimpse of us\" alt=\"glimpse of us\" srcset=\"https:\/\/sawosko.pl\/wp-content\/uploads\/2024\/01\/header-tumblr.jpg 931w, https:\/\/sawosko.pl\/wp-content\/uploads\/2024\/01\/header-tumblr-300x300.jpg 300w, https:\/\/sawosko.pl\/wp-content\/uploads\/2024\/01\/header-tumblr-150x150.jpg 150w, https:\/\/sawosko.pl\/wp-content\/uploads\/2024\/01\/header-tumblr-768x768.jpg 768w, https:\/\/sawosko.pl\/wp-content\/uploads\/2024\/01\/header-tumblr-200x200.jpg 200w\" sizes=\"auto, (max-width: 931px) 100vw, 931px\" \/><\/a>\t\t\t<\/dt>\n\t\t\t<dd>\n\t\t\t\t\t\t\t\t\t\t\t<\/dd>\n\t\t<\/dl>\n\t\t\t<dl class=\"gallery-item\">\n\t\t\t<dt class=\"gallery-icon\">\n\t\t\t<a data-title=\"\" title=\"\" href=\"https:\/\/sawosko.pl\/wp-content\/uploads\/2024\/01\/53.jpg\" data-rel=\"tb_w79o312\" class=\"themify_lightbox\"><img loading=\"lazy\" decoding=\"async\" width=\"2000\" height=\"2000\" src=\"https:\/\/sawosko.pl\/wp-content\/uploads\/2024\/01\/53.jpg\" class=\"wp-post-image wp-image-29\" title=\"talking heads\" alt=\"talking heads\" srcset=\"https:\/\/sawosko.pl\/wp-content\/uploads\/2024\/01\/53.jpg 2000w, https:\/\/sawosko.pl\/wp-content\/uploads\/2024\/01\/53-300x300.jpg 300w, https:\/\/sawosko.pl\/wp-content\/uploads\/2024\/01\/53-1024x1024.jpg 1024w, https:\/\/sawosko.pl\/wp-content\/uploads\/2024\/01\/53-150x150.jpg 150w, https:\/\/sawosko.pl\/wp-content\/uploads\/2024\/01\/53-768x768.jpg 768w, https:\/\/sawosko.pl\/wp-content\/uploads\/2024\/01\/53-1536x1536.jpg 1536w, https:\/\/sawosko.pl\/wp-content\/uploads\/2024\/01\/53-1024x1024-200x200.jpg 200w\" sizes=\"auto, (max-width: 2000px) 100vw, 2000px\" \/><\/a>\t\t\t<\/dt>\n\t\t\t<dd>\n\t\t\t\t\t\t\t\t\t\t\t<\/dd>\n\t\t<\/dl>\n\t\t\t<dl class=\"gallery-item\">\n\t\t\t<dt class=\"gallery-icon\">\n\t\t\t<a data-title=\"\" title=\"\" href=\"https:\/\/sawosko.pl\/wp-content\/uploads\/2025\/12\/01.jpg\" data-rel=\"tb_w79o312\" class=\"themify_lightbox\"><img loading=\"lazy\" decoding=\"async\" width=\"1988\" height=\"1929\" src=\"https:\/\/sawosko.pl\/wp-content\/uploads\/2025\/12\/01.jpg\" class=\"wp-post-image wp-image-105\" title=\"01\" alt=\"01\" srcset=\"https:\/\/sawosko.pl\/wp-content\/uploads\/2025\/12\/01.jpg 1988w, https:\/\/sawosko.pl\/wp-content\/uploads\/2025\/12\/01-300x291.jpg 300w, https:\/\/sawosko.pl\/wp-content\/uploads\/2025\/12\/01-1024x994.jpg 1024w, https:\/\/sawosko.pl\/wp-content\/uploads\/2025\/12\/01-768x745.jpg 768w, https:\/\/sawosko.pl\/wp-content\/uploads\/2025\/12\/01-1536x1490.jpg 1536w\" sizes=\"auto, (max-width: 1988px) 100vw, 1988px\" \/><\/a>\t\t\t<\/dt>\n\t\t\t<dd>\n\t\t\t\t\t\t\t\t\t\t\t<\/dd>\n\t\t<\/dl>\n\t\t\t<dl class=\"gallery-item\">\n\t\t\t<dt class=\"gallery-icon\">\n\t\t\t<a data-title=\"\" title=\"\" href=\"https:\/\/sawosko.pl\/wp-content\/uploads\/2025\/12\/03.jpg\" data-rel=\"tb_w79o312\" class=\"themify_lightbox\"><img loading=\"lazy\" decoding=\"async\" width=\"1933\" height=\"1938\" src=\"https:\/\/sawosko.pl\/wp-content\/uploads\/2025\/12\/03.jpg\" class=\"wp-post-image wp-image-106\" title=\"03\" alt=\"03\" srcset=\"https:\/\/sawosko.pl\/wp-content\/uploads\/2025\/12\/03.jpg 1933w, https:\/\/sawosko.pl\/wp-content\/uploads\/2025\/12\/03-300x300.jpg 300w, https:\/\/sawosko.pl\/wp-content\/uploads\/2025\/12\/03-1021x1024.jpg 1021w, https:\/\/sawosko.pl\/wp-content\/uploads\/2025\/12\/03-150x150.jpg 150w, https:\/\/sawosko.pl\/wp-content\/uploads\/2025\/12\/03-768x770.jpg 768w, https:\/\/sawosko.pl\/wp-content\/uploads\/2025\/12\/03-1532x1536.jpg 1532w\" sizes=\"auto, (max-width: 1933px) 100vw, 1933px\" \/><\/a>\t\t\t<\/dt>\n\t\t\t<dd>\n\t\t\t\t\t\t\t\t\t\t\t<\/dd>\n\t\t<\/dl>\n\t\t\t<dl class=\"gallery-item\">\n\t\t\t<dt class=\"gallery-icon\">\n\t\t\t<a data-title=\"\" title=\"\" href=\"https:\/\/sawosko.pl\/wp-content\/uploads\/2025\/12\/02.jpg\" data-rel=\"tb_w79o312\" class=\"themify_lightbox\"><img loading=\"lazy\" decoding=\"async\" width=\"1704\" height=\"2048\" src=\"https:\/\/sawosko.pl\/wp-content\/uploads\/2025\/12\/02.jpg\" class=\"wp-post-image wp-image-107\" title=\"02\" alt=\"02\" srcset=\"https:\/\/sawosko.pl\/wp-content\/uploads\/2025\/12\/02.jpg 1704w, https:\/\/sawosko.pl\/wp-content\/uploads\/2025\/12\/02-250x300.jpg 250w, https:\/\/sawosko.pl\/wp-content\/uploads\/2025\/12\/02-852x1024.jpg 852w, https:\/\/sawosko.pl\/wp-content\/uploads\/2025\/12\/02-768x923.jpg 768w, https:\/\/sawosko.pl\/wp-content\/uploads\/2025\/12\/02-1278x1536.jpg 1278w\" sizes=\"auto, (max-width: 1704px) 100vw, 1704px\" \/><\/a>\t\t\t<\/dt>\n\t\t\t<dd>\n\t\t\t\t\t\t\t\t\t\t\t<\/dd>\n\t\t<\/dl>\n\t\t\t<dl class=\"gallery-item\">\n\t\t\t<dt class=\"gallery-icon\">\n\t\t\t<a data-title=\"\" title=\"\" href=\"https:\/\/sawosko.pl\/wp-content\/uploads\/2025\/12\/04.jpg\" data-rel=\"tb_w79o312\" class=\"themify_lightbox\"><img loading=\"lazy\" decoding=\"async\" width=\"1894\" height=\"1907\" src=\"https:\/\/sawosko.pl\/wp-content\/uploads\/2025\/12\/04.jpg\" class=\"wp-post-image wp-image-109\" title=\"04\" alt=\"04\" srcset=\"https:\/\/sawosko.pl\/wp-content\/uploads\/2025\/12\/04.jpg 1894w, https:\/\/sawosko.pl\/wp-content\/uploads\/2025\/12\/04-298x300.jpg 298w, https:\/\/sawosko.pl\/wp-content\/uploads\/2025\/12\/04-1017x1024.jpg 1017w, https:\/\/sawosko.pl\/wp-content\/uploads\/2025\/12\/04-150x150.jpg 150w, https:\/\/sawosko.pl\/wp-content\/uploads\/2025\/12\/04-768x773.jpg 768w, https:\/\/sawosko.pl\/wp-content\/uploads\/2025\/12\/04-1526x1536.jpg 1526w\" sizes=\"auto, (max-width: 1894px) 100vw, 1894px\" \/><\/a>\t\t\t<\/dt>\n\t\t\t<dd>\n\t\t\t\t\t\t\t\t\t\t\t<\/dd>\n\t\t<\/dl>\n\t<\/div>\n<\/div>\n<!-- \/module gallery -->\t\t\t\t<\/div><!-- .tb-column-inner -->\n\t\t\t\t\t\t<\/div><!-- .module_column -->\n\t\t\t\t\t\t<\/div><!-- .row_inner -->\n\t\t<\/div><!-- .module_row -->\n\t\t\t\t<\/div>\n<!--\/themify_builder_content-->","protected":false},"excerpt":{"rendered":"","protected":false},"author":1,"featured_media":0,"parent":0,"menu_order":0,"comment_status":"closed","ping_status":"closed","template":"","meta":{"footnotes":""},"class_list":["post-12","page","type-page","status-publish","hentry","has-post-title","has-post-date","has-post-category","has-post-tag","has-post-comment","has-post-author",""],"yoast_head":"<!-- This site is optimized with the Yoast SEO plugin v26.6 - https:\/\/yoast.com\/wordpress\/plugins\/seo\/ -->\n<title>Martyna Sawo\u015bko Portfolio Malarstwa i Rysunku<\/title>\n<meta name=\"description\" content=\"Portfolio artystyczne Martyny Sawo\u015bko. Galeria autorskich obraz\u00f3w i rysunk\u00f3w. Zobacz wybrane prace i warsztat tw\u00f3rczy.\" \/>\n<meta name=\"robots\" content=\"index, follow, max-snippet:-1, max-image-preview:large, max-video-preview:-1\" \/>\n<link rel=\"canonical\" href=\"http:\/\/sawosko.pl\/\" \/>\n<meta property=\"og:locale\" content=\"pl_PL\" \/>\n<meta property=\"og:type\" content=\"article\" \/>\n<meta property=\"og:title\" content=\"Martyna Sawo\u015bko Portfolio Malarstwa i Rysunku\" \/>\n<meta property=\"og:description\" content=\"Portfolio artystyczne Martyny Sawo\u015bko. Galeria autorskich obraz\u00f3w i rysunk\u00f3w. Zobacz wybrane prace i warsztat tw\u00f3rczy.\" \/>\n<meta property=\"og:url\" content=\"http:\/\/sawosko.pl\/\" \/>\n<meta property=\"og:site_name\" content=\"Martyna Sawo\u015bko\" \/>\n<meta property=\"article:modified_time\" content=\"2025-12-27T01:10:02+00:00\" \/>\n<meta property=\"og:image\" content=\"http:\/\/sawosko.pl\/wp-content\/uploads\/2024\/03\/mimo-wszystko-obraz-150x150.webp\" \/>\n<meta name=\"twitter:card\" content=\"summary_large_image\" \/>\n<script type=\"application\/ld+json\" class=\"yoast-schema-graph\">{\"@context\":\"https:\/\/schema.org\",\"@graph\":[{\"@type\":\"WebPage\",\"@id\":\"http:\/\/sawosko.pl\/\",\"url\":\"http:\/\/sawosko.pl\/\",\"name\":\"Martyna Sawo\u015bko Portfolio Malarstwa i Rysunku\",\"isPartOf\":{\"@id\":\"http:\/\/sawosko.pl\/#website\"},\"datePublished\":\"2024-01-30T17:49:34+00:00\",\"dateModified\":\"2025-12-27T01:10:02+00:00\",\"description\":\"Portfolio artystyczne Martyny Sawo\u015bko. Galeria autorskich obraz\u00f3w i rysunk\u00f3w. Zobacz wybrane prace i warsztat tw\u00f3rczy.\",\"breadcrumb\":{\"@id\":\"http:\/\/sawosko.pl\/#breadcrumb\"},\"inLanguage\":\"pl-PL\",\"potentialAction\":[{\"@type\":\"ReadAction\",\"target\":[\"http:\/\/sawosko.pl\/\"]}]},{\"@type\":\"BreadcrumbList\",\"@id\":\"http:\/\/sawosko.pl\/#breadcrumb\",\"itemListElement\":[{\"@type\":\"ListItem\",\"position\":1,\"name\":\"Strona g\u0142\u00f3wna\",\"item\":\"http:\/\/sawosko.pl\/\"},{\"@type\":\"ListItem\",\"position\":2,\"name\":\"Home\"}]},{\"@type\":\"WebSite\",\"@id\":\"http:\/\/sawosko.pl\/#website\",\"url\":\"http:\/\/sawosko.pl\/\",\"name\":\"Martyna Sawo\u015bko\",\"description\":\"\",\"publisher\":{\"@id\":\"http:\/\/sawosko.pl\/#\/schema\/person\/7a56631fccda02f7696e18e77dbc9ca9\"},\"potentialAction\":[{\"@type\":\"SearchAction\",\"target\":{\"@type\":\"EntryPoint\",\"urlTemplate\":\"http:\/\/sawosko.pl\/?s={search_term_string}\"},\"query-input\":{\"@type\":\"PropertyValueSpecification\",\"valueRequired\":true,\"valueName\":\"search_term_string\"}}],\"inLanguage\":\"pl-PL\"},{\"@type\":[\"Person\",\"Organization\"],\"@id\":\"http:\/\/sawosko.pl\/#\/schema\/person\/7a56631fccda02f7696e18e77dbc9ca9\",\"name\":\"admin\",\"image\":{\"@type\":\"ImageObject\",\"inLanguage\":\"pl-PL\",\"@id\":\"http:\/\/sawosko.pl\/#\/schema\/person\/image\/\",\"url\":\"https:\/\/sawosko.pl\/wp-content\/uploads\/2024\/03\/sawosko-logo-favicon.png\",\"contentUrl\":\"https:\/\/sawosko.pl\/wp-content\/uploads\/2024\/03\/sawosko-logo-favicon.png\",\"width\":527,\"height\":461,\"caption\":\"admin\"},\"logo\":{\"@id\":\"http:\/\/sawosko.pl\/#\/schema\/person\/image\/\"},\"sameAs\":[\"http:\/\/sawosko.pl\"]}]}<\/script>\n<!-- \/ Yoast SEO plugin. -->","yoast_head_json":{"title":"Martyna Sawo\u015bko Portfolio Malarstwa i Rysunku","description":"Portfolio artystyczne Martyny Sawo\u015bko. Galeria autorskich obraz\u00f3w i rysunk\u00f3w. Zobacz wybrane prace i warsztat tw\u00f3rczy.","robots":{"index":"index","follow":"follow","max-snippet":"max-snippet:-1","max-image-preview":"max-image-preview:large","max-video-preview":"max-video-preview:-1"},"canonical":"http:\/\/sawosko.pl\/","og_locale":"pl_PL","og_type":"article","og_title":"Martyna Sawo\u015bko Portfolio Malarstwa i Rysunku","og_description":"Portfolio artystyczne Martyny Sawo\u015bko. Galeria autorskich obraz\u00f3w i rysunk\u00f3w. Zobacz wybrane prace i warsztat tw\u00f3rczy.","og_url":"http:\/\/sawosko.pl\/","og_site_name":"Martyna Sawo\u015bko","article_modified_time":"2025-12-27T01:10:02+00:00","og_image":[{"url":"http:\/\/sawosko.pl\/wp-content\/uploads\/2024\/03\/mimo-wszystko-obraz-150x150.webp","type":"","width":"","height":""}],"twitter_card":"summary_large_image","schema":{"@context":"https:\/\/schema.org","@graph":[{"@type":"WebPage","@id":"http:\/\/sawosko.pl\/","url":"http:\/\/sawosko.pl\/","name":"Martyna Sawo\u015bko Portfolio Malarstwa i Rysunku","isPartOf":{"@id":"http:\/\/sawosko.pl\/#website"},"datePublished":"2024-01-30T17:49:34+00:00","dateModified":"2025-12-27T01:10:02+00:00","description":"Portfolio artystyczne Martyny Sawo\u015bko. Galeria autorskich obraz\u00f3w i rysunk\u00f3w. Zobacz wybrane prace i warsztat tw\u00f3rczy.","breadcrumb":{"@id":"http:\/\/sawosko.pl\/#breadcrumb"},"inLanguage":"pl-PL","potentialAction":[{"@type":"ReadAction","target":["http:\/\/sawosko.pl\/"]}]},{"@type":"BreadcrumbList","@id":"http:\/\/sawosko.pl\/#breadcrumb","itemListElement":[{"@type":"ListItem","position":1,"name":"Strona g\u0142\u00f3wna","item":"http:\/\/sawosko.pl\/"},{"@type":"ListItem","position":2,"name":"Home"}]},{"@type":"WebSite","@id":"http:\/\/sawosko.pl\/#website","url":"http:\/\/sawosko.pl\/","name":"Martyna Sawo\u015bko","description":"","publisher":{"@id":"http:\/\/sawosko.pl\/#\/schema\/person\/7a56631fccda02f7696e18e77dbc9ca9"},"potentialAction":[{"@type":"SearchAction","target":{"@type":"EntryPoint","urlTemplate":"http:\/\/sawosko.pl\/?s={search_term_string}"},"query-input":{"@type":"PropertyValueSpecification","valueRequired":true,"valueName":"search_term_string"}}],"inLanguage":"pl-PL"},{"@type":["Person","Organization"],"@id":"http:\/\/sawosko.pl\/#\/schema\/person\/7a56631fccda02f7696e18e77dbc9ca9","name":"admin","image":{"@type":"ImageObject","inLanguage":"pl-PL","@id":"http:\/\/sawosko.pl\/#\/schema\/person\/image\/","url":"https:\/\/sawosko.pl\/wp-content\/uploads\/2024\/03\/sawosko-logo-favicon.png","contentUrl":"https:\/\/sawosko.pl\/wp-content\/uploads\/2024\/03\/sawosko-logo-favicon.png","width":527,"height":461,"caption":"admin"},"logo":{"@id":"http:\/\/sawosko.pl\/#\/schema\/person\/image\/"},"sameAs":["http:\/\/sawosko.pl"]}]}},"builder_content":"[gallery ids=\"85,28,29,105,106,107,109\"]","_links":{"self":[{"href":"https:\/\/sawosko.pl\/index.php\/wp-json\/wp\/v2\/pages\/12","targetHints":{"allow":["GET"]}}],"collection":[{"href":"https:\/\/sawosko.pl\/index.php\/wp-json\/wp\/v2\/pages"}],"about":[{"href":"https:\/\/sawosko.pl\/index.php\/wp-json\/wp\/v2\/types\/page"}],"author":[{"embeddable":true,"href":"https:\/\/sawosko.pl\/index.php\/wp-json\/wp\/v2\/users\/1"}],"replies":[{"embeddable":true,"href":"https:\/\/sawosko.pl\/index.php\/wp-json\/wp\/v2\/comments?post=12"}],"version-history":[{"count":39,"href":"https:\/\/sawosko.pl\/index.php\/wp-json\/wp\/v2\/pages\/12\/revisions"}],"predecessor-version":[{"id":110,"href":"https:\/\/sawosko.pl\/index.php\/wp-json\/wp\/v2\/pages\/12\/revisions\/110"}],"wp:attachment":[{"href":"https:\/\/sawosko.pl\/index.php\/wp-json\/wp\/v2\/media?parent=12"}],"curies":[{"name":"wp","href":"https:\/\/api.w.org\/{rel}","templated":true}]}}